{"id":53811,"date":"2024-11-16T13:51:07","date_gmt":"2024-11-16T12:51:07","guid":{"rendered":"https:\/\/old.labutte.fr\/?post_type=product&#038;p=53811"},"modified":"2025-03-03T11:05:57","modified_gmt":"2025-03-03T10:05:57","slug":"soin-50-minutes-par-personne","status":"publish","type":"product","link":"https:\/\/old.labutte.fr\/en\/boutique\/spa\/soin-50-minutes-par-personne\/","title":{"rendered":"Soin 50 minutes (par personne)"},"content":{"rendered":"<table border=\"1\" width=\"100%\">\n<tbody>\n<tr>\n<td><\/td>\n<td style=\"text-align: center;\">\u00a0<strong>Lu<\/strong><\/td>\n<td style=\"text-align: center;\"><strong>\u00a0Ma<\/strong><\/td>\n<td style=\"text-align: center;\"><strong>\u00a0Me<\/strong><\/td>\n<td style=\"text-align: center;\"><strong>\u00a0Je<\/strong><\/td>\n<td style=\"text-align: center;\"><strong>\u00a0Ve<\/strong><\/td>\n<td style=\"text-align: center;\"><strong>\u00a0Sa<\/strong><\/td>\n<td style=\"text-align: center;\"><strong>\u00a0Di<\/strong><\/td>\n<\/tr>\n<tr>\n<td><strong>\u00a0Midi<\/strong><\/td>\n<td style=\"text-align: center;\">OK<\/td>\n<td style=\"text-align: center;\">OK<\/td>\n<td style=\"text-align: center;\">OK<\/td>\n<td style=\"text-align: center;\">OK<\/td>\n<td style=\"text-align: center;\">OK<\/td>\n<td style=\"text-align: center;\">x<\/td>\n<td style=\"text-align: center;\">OK<\/td>\n<\/tr>\n<tr>\n<td>\u00a0<strong>Soir<\/strong><\/td>\n<td style=\"text-align: center;\">OK<\/td>\n<td style=\"text-align: center;\">OK<\/td>\n<td style=\"text-align: center;\">OK<\/td>\n<td style=\"text-align: center;\">OK<\/td>\n<td style=\"text-align: center;\">OK<\/td>\n<td style=\"text-align: center;\">x<\/td>\n<td style=\"text-align: center;\">OK<\/td>\n<\/tr>\n<\/tbody>\n<\/table>\n<p>Invitation <strong>utilisable jusqu&#8217;au 30 juin 2025<\/strong> \u00e0 compter de la date d&#8217;achat, suivant disponibilit\u00e9s, hors samedis, hors vacances scolaires, jours f\u00e9ri\u00e9s et ponts.<\/p>\n","protected":false},"excerpt":{"rendered":"<p>La Butte vous propose une collection de soins pour le corps et pour le visage, de d\u00e9tente ou de beaut\u00e9.<br \/>\nLe soin de 50 minutes* est \u00e0 choisir dans notre collection de soins spa (https:\/\/labutte.fr\/spa\/)<\/p>\n<p>Agr\u00e9mentez votre soin en choisissant un menu au Comptoir ou un brunch parmi nos bons cadeaux.<\/p>\n<p><em><strong>Nous m\u00e9tamorphosons notre lieu de bien-\u00eatre en un v\u00e9ritable sanctuaire pour l&#8217;\u00e9veil des consciences et des sens depuis le 3 novembre 2024. Ce projet novateur est profond\u00e9ment ancr\u00e9 dans une d\u00e9marche \u00e9cologique et consciente. Notre carte de soins est propos\u00e9e dans un espace d\u00e9di\u00e9 durant la p\u00e9riode.<br \/>\n<\/strong><\/em><\/p>\n<p><strong>*INVITATION NON PROLONGEABLE NON MODIFIABLE<\/strong><\/p>\n<p>&nbsp;<\/p>\n","protected":false},"featured_media":1825,"template":"","meta":[],"product_brand":[],"product_cat":[33],"product_tag":[],"class_list":{"0":"post-53811","1":"product","2":"type-product","3":"status-publish","4":"has-post-thumbnail","6":"product_cat-spa","7":"description-off","8":"tm-no-options","10":"first","11":"instock","12":"downloadable","13":"virtual","14":"purchasable","15":"product-type-simple"},"_links":{"self":[{"href":"https:\/\/old.labutte.fr\/en\/wp-json\/wp\/v2\/product\/53811","targetHints":{"allow":["GET"]}}],"collection":[{"href":"https:\/\/old.labutte.fr\/en\/wp-json\/wp\/v2\/product"}],"about":[{"href":"https:\/\/old.labutte.fr\/en\/wp-json\/wp\/v2\/types\/product"}],"wp:featuredmedia":[{"embeddable":true,"href":"https:\/\/old.labutte.fr\/en\/wp-json\/wp\/v2\/media\/1825"}],"wp:attachment":[{"href":"https:\/\/old.labutte.fr\/en\/wp-json\/wp\/v2\/media?parent=53811"}],"wp:term":[{"taxonomy":"product_brand","embeddable":true,"href":"https:\/\/old.labutte.fr\/en\/wp-json\/wp\/v2\/product_brand?post=53811"},{"taxonomy":"product_cat","embeddable":true,"href":"https:\/\/old.labutte.fr\/en\/wp-json\/wp\/v2\/product_cat?post=53811"},{"taxonomy":"product_tag","embeddable":true,"href":"https:\/\/old.labutte.fr\/en\/wp-json\/wp\/v2\/product_tag?post=53811"}],"curies":[{"name":"wp","href":"https:\/\/api.w.org\/{rel}","templated":true}]}}